{"id":3110,"date":"2015-02-12T18:20:16","date_gmt":"2015-02-12T18:20:16","guid":{"rendered":"https:\/\/www.allwhitelaser.com\/?post_type=product&#038;p=3110"},"modified":"2025-12-17T07:36:16","modified_gmt":"2025-12-17T07:36:16","slug":"small-stand","status":"publish","type":"product","link":"https:\/\/www.allwhitelaser.com\/es\/producto\/stand-pequeno\/","title":{"rendered":"Soporte peque\u00f1o"},"content":{"rendered":"<p>Facilite su tratamiento con un carro de pie<\/p>\n<div class=\"fb-like\"><\/div>","protected":false},"excerpt":{"rendered":"<ul>\n<li>Dise\u00f1ado para m\u00e1quinas AW3\u00ae<\/li>\n<li>El look profesional para tu cl\u00ednica<\/li>\n<li>Adecuado para m\u00e1quinas de peque\u00f1o tama\u00f1o.<\/li>\n<li>\u00a1Haciendo su trabajo mucho m\u00e1s f\u00e1cil!<\/li>\n<\/ul>\n<p>Compatible con las m\u00e1quinas de liposucci\u00f3n l\u00e1ser Slim Light.<\/p>\n<p>&nbsp;<\/p>\n<p><strong>Tama\u00f1os y dimensiones<\/strong><\/p>\n<p><strong>Caja de M\u00e1quina:<\/strong> 57x39x73cm \u2013 20kg<br \/>\n<strong>SCW:<\/strong> 25kg<\/p>\n<div class=\"fb-like\"><\/div>\n<div class=\"fb-like\"><\/div>","protected":false},"featured_media":17696,"comment_status":"open","ping_status":"closed","template":"","meta":[],"product_brand":[1995],"product_cat":[245],"product_tag":[],"class_list":{"0":"post-3110","1":"product","2":"type-product","3":"status-publish","4":"has-post-thumbnail","6":"product_brand-aw3","7":"product_cat-machine-stands","8":"pa_choose-option-small-stand","9":"poa_product-yes","11":"first","12":"onbackorder","13":"taxable","14":"shipping-taxable","15":"purchasable","16":"product-type-simple"},"acf":[],"_links":{"self":[{"href":"https:\/\/www.allwhitelaser.com\/es\/wp-json\/wp\/v2\/product\/3110","targetHints":{"allow":["GET"]}}],"collection":[{"href":"https:\/\/www.allwhitelaser.com\/es\/wp-json\/wp\/v2\/product"}],"about":[{"href":"https:\/\/www.allwhitelaser.com\/es\/wp-json\/wp\/v2\/types\/product"}],"replies":[{"embeddable":true,"href":"https:\/\/www.allwhitelaser.com\/es\/wp-json\/wp\/v2\/comments?post=3110"}],"wp:featuredmedia":[{"embeddable":true,"href":"https:\/\/www.allwhitelaser.com\/es\/wp-json\/wp\/v2\/media\/17696"}],"wp:attachment":[{"href":"https:\/\/www.allwhitelaser.com\/es\/wp-json\/wp\/v2\/media?parent=3110"}],"wp:term":[{"taxonomy":"product_brand","embeddable":true,"href":"https:\/\/www.allwhitelaser.com\/es\/wp-json\/wp\/v2\/product_brand?post=3110"},{"taxonomy":"product_cat","embeddable":true,"href":"https:\/\/www.allwhitelaser.com\/es\/wp-json\/wp\/v2\/product_cat?post=3110"},{"taxonomy":"product_tag","embeddable":true,"href":"https:\/\/www.allwhitelaser.com\/es\/wp-json\/wp\/v2\/product_tag?post=3110"}],"curies":[{"name":"wp","href":"https:\/\/api.w.org\/{rel}","templated":true}]}}